{"id":421,"date":"2016-11-22T23:49:43","date_gmt":"2016-11-22T23:49:43","guid":{"rendered":"http:\/\/broennimann.com\/wp\/?page_id=421"},"modified":"2017-02-12T14:18:47","modified_gmt":"2017-02-12T14:18:47","slug":"ref_participation","status":"publish","type":"page","link":"http:\/\/broennimann.com\/wp\/fr\/ref_participation\/","title":{"rendered":"Participation a des concours et distinctions"},"content":{"rendered":"<table border=\"1\" cellspacing=\"0\" cellpadding=\"0\">\n<tbody>\n<tr>\n<td style=\"width:39px;height:38px\"><font size=\"-1\">2001<\/font><\/td>\n<td style=\"height:38px;width:374px\"><font size=\"-1\">Concours pour un <a href=\"..\/..\/..\/images\/grand-places_coupe.gif\">th\u00e9\u00e2tre \u00e0 Fribourg<\/a>, MM Hiestand et Cova, associ\u00e9s<\/font><\/td>\n<td style=\"height:38px;width:20px\"><font size=\"-1\">\u00a0<\/font><\/td>\n<td lp=\"2\" style=\"height:38px;width:20px\">\n            <\/td>\n<td style=\"height:38px;width:370px\"><font size=\"-1\">\u00a0<\/font><\/td>\n<\/tr>\n<tr>\n<td style=\"width:39px\"><font size=\"-1\">\u00a0<\/font><\/td>\n<td style=\"width:374px\"><font size=\"-1\">\u00a0<\/font><\/td>\n<td style=\"width:20px\"><font size=\"-1\">\u00a0<\/font><\/td>\n<td lp=\"2\" style=\"width:20px\">\u00a0<\/td>\n<td style=\"width:360px\"><font size=\"-1\">\u00a0<\/font><\/td>\n<\/tr>\n<tr>\n<td style=\"width:39px\"><font size=\"-1\">2001<\/font><\/td>\n<td style=\"width:374px\"><font size=\"-1\">Concours pour l&#8217;amenagement du centre du village de Weisendangen , MM Junod et Savary, associ\u00e9s<\/font><\/td>\n<td style=\"width:20px\"><font size=\"-1\">\u00a0<\/font><\/td>\n<td lp=\"2\" style=\"width:20px\">\u00a0<\/td>\n<td style=\"width:360px\"><font size=\"-1\">\u00a0<\/font><\/td>\n<\/tr>\n<tr>\n<td style=\"width:39px\"><font size=\"-1\">\u00a0<\/font><\/td>\n<td style=\"width:374px\"><font size=\"-1\">\u00a0<\/font><\/td>\n<td style=\"width:20px\"><font size=\"-1\">\u00a0<\/font><\/td>\n<td lp=\"2\" style=\"width:20px\">\u00a0<\/td>\n<td style=\"width:360px\"><font size=\"-1\">\u00a0<\/font><\/td>\n<\/tr>\n<tr>\n<td style=\"width:39px\"><font size=\"-1\">2000<\/font><\/td>\n<td style=\"width:374px\"><font size=\"-1\"><a href=\"..\/..\/images\/reby\/VillaReby.jpg\">Sur\u00e9l\u00e9vation d&#8217;une villa<\/a>\u00a0 \u00e0 Gen\u00e8ve<\/font><\/td>\n<td style=\"width:20px\"><font size=\"-1\">\u00a0<\/font><\/td>\n<td lp=\"2\" style=\"width:20px\">\u00a0<\/td>\n<td style=\"width:360px\"><font size=\"-1\">Distinction de LIGNUM pour r\u00e9alisation int\u00e9ressante en bois<\/font><\/td>\n<\/tr>\n<tr>\n<td style=\"width:39px\"><font size=\"-1\">\u00a0<\/font><\/td>\n<td style=\"width:374px\"><font size=\"-1\">\u00a0<\/font><\/td>\n<td style=\"width:20px\"><font size=\"-1\">\u00a0<\/font><\/td>\n<td lp=\"2\" style=\"width:20px\">\u00a0<\/td>\n<td style=\"width:360px\"><font size=\"-1\">\u00a0<\/font><\/td>\n<\/tr>\n<tr>\n<td style=\"width:39px\"><font size=\"-1\">2000<\/font><\/td>\n<td style=\"width:374px\"><font size=\"-1\">Projet pour la cabane de la <a href=\"..\/..\/images\/cristallina.jpg\">Cristallina<\/a> &#8211; Ticino.<\/font><\/td>\n<td style=\"width:20px\"><font size=\"-1\">\u00a0<\/font><\/td>\n<td lp=\"2\" style=\"width:20px\">\u00a0<\/td>\n<td style=\"width:360px\"><font size=\"-1\">\u00a0<\/font><\/td>\n<\/tr>\n<tr>\n<td style=\"width:39px\"><font size=\"-1\">\u00a0<\/font><\/td>\n<td style=\"width:374px\"><font size=\"-1\">\u00a0<\/font><\/td>\n<td style=\"width:20px\"><font size=\"-1\">\u00a0<\/font><\/td>\n<td lp=\"2\" style=\"width:20px\">\u00a0<\/td>\n<td style=\"width:360px\"><font size=\"-1\">\u00a0<\/font><\/td>\n<\/tr>\n<tr>\n<td style=\"width:39px\"><font size=\"-1\">1997<\/font><\/td>\n<td style=\"width:374px\"><font size=\"-1\">Concours pour un Coll\u00e8ge \u00e0 Montbrillant M. P. Lambert, associ\u00e9<\/font><\/td>\n<td style=\"width:20px\"><font size=\"-1\">\u00a0<\/font><\/td>\n<td lp=\"2\" style=\"width:20px\">\u00a0<\/td>\n<td style=\"width:360px\"><font size=\"-1\">\u00a0<\/font><\/td>\n<\/tr>\n<tr>\n<td style=\"width:39px\"><font size=\"-1\">\u00a0<\/font><\/td>\n<td style=\"width:374px\"><font size=\"-1\">\u00a0<\/font><\/td>\n<td style=\"width:20px\"><font size=\"-1\">\u00a0<\/font><\/td>\n<td lp=\"2\" style=\"width:20px\">\u00a0<\/td>\n<td style=\"width:360px\"><font size=\"-1\">\u00a0<\/font><\/td>\n<\/tr>\n<tr>\n<td style=\"width:39px\"><font size=\"-1\">1996<\/font><\/td>\n<td style=\"width:374px\"><font size=\"-1\">Concours pour un groupe scolaire av. peschier<br \/>\n            M. Hiestand, associ\u00e9<br \/>\n            <\/font><\/td>\n<td style=\"width:20px\"><font size=\"-1\">\u00a0<\/font><\/td>\n<td lp=\"2\" style=\"width:20px\">\u00a0<\/td>\n<td style=\"width:360px\"><font size=\"-1\">\u00a0<\/font><\/td>\n<\/tr>\n<tr>\n<td style=\"width:39px\"><font size=\"-1\">\u00a0<\/font><\/td>\n<td style=\"width:374px\"><font size=\"-1\">\u00a0<\/font><\/td>\n<td style=\"width:20px\"><font size=\"-1\">\u00a0<\/font><\/td>\n<td lp=\"2\" style=\"width:20px\">\u00a0<\/td>\n<td style=\"width:360px\"><font size=\"-1\">\u00a0<\/font><\/td>\n<\/tr>\n<tr>\n<td style=\"width:39px\"><font size=\"-1\">1995<\/font><\/td>\n<td style=\"width:374px\"><font size=\"-1\">Concours pour la d\u00e9finition d\u2019un espace-rue<br \/>\n            Communes de Ch\u00eane-Bougeries, Ch\u00eane-Bourg, Th\u00f4nex, Gaillard et Ambilly<\/font><\/td>\n<td style=\"width:20px\"><font size=\"-1\">\u00a0<\/font><\/td>\n<td lp=\"2\" style=\"width:20px\">\u00a0<\/td>\n<td style=\"width:360px\"><font size=\"-1\">\u00a0<\/font><\/td>\n<\/tr>\n<tr>\n<td style=\"width:39px\"><font size=\"-1\">\u00a0<\/font><\/td>\n<td style=\"width:374px\"><font size=\"-1\">\u00a0<\/font><\/td>\n<td style=\"width:20px\"><font size=\"-1\">\u00a0<\/font><\/td>\n<td lp=\"2\" style=\"width:20px\">\u00a0<\/td>\n<td style=\"width:360px\"><font size=\"-1\">\u00a0<\/font><\/td>\n<\/tr>\n<tr>\n<td style=\"width:39px\"><font size=\"-1\">1993<\/font><\/td>\n<td style=\"width:374px\"><font size=\"-1\">B\u00e2timent administratif cantonal \u00e0 Morges<br \/>\n            MM. Hiestand et Saulnier, associ\u00e9s<\/font><\/td>\n<td style=\"width:20px\"><font size=\"-1\">\u00a0<\/font><\/td>\n<td lp=\"2\" style=\"width:20px\">\u00a0<\/td>\n<td style=\"width:360px\"><font size=\"-1\">\u00a0<\/font><\/td>\n<\/tr>\n<tr>\n<td style=\"width:39px\"><font size=\"-1\">\u00a0<\/font><\/td>\n<td style=\"width:374px\"><font size=\"-1\">\u00a0<\/font><\/td>\n<td style=\"width:20px\"><font size=\"-1\">\u00a0<\/font><\/td>\n<td lp=\"2\" style=\"width:20px\">\u00a0<\/td>\n<td style=\"width:360px\"><font size=\"-1\">\u00a0<\/font><\/td>\n<\/tr>\n<tr>\n<td style=\"width:39px\"><font size=\"-1\">1993<\/font><\/td>\n<td style=\"width:374px\"><font size=\"-1\">Immeubles de logements et administratifs terrain des Services Industriels de Gen\u00e8ve<br \/>\n            MM. Hiestand et Saulnier, associ\u00e9s<\/font><\/td>\n<td style=\"width:20px\"><font size=\"-1\">\u00a0<\/font><\/td>\n<td lp=\"2\" style=\"width:20px\">\u00a0<\/td>\n<td style=\"width:360px\"><font size=\"-1\">\u00a0<\/font><\/td>\n<\/tr>\n<tr>\n<td style=\"width:39px\"><font size=\"-1\">\u00a0<\/font><\/td>\n<td style=\"width:374px\"><font size=\"-1\">\u00a0<\/font><\/td>\n<td style=\"width:20px\"><font size=\"-1\">\u00a0<\/font><\/td>\n<td lp=\"2\" style=\"width:20px\">\u00a0<\/td>\n<td style=\"width:360px\"><font size=\"-1\">\u00a0<\/font><\/td>\n<\/tr>\n<tr>\n<td style=\"width:39px\"><font size=\"-1\">1992<\/font><\/td>\n<td style=\"width:374px\"><font size=\"-1\">Logements \u00e9cologiques pour \u00e9tudiants<br \/>\n            MM. Henriod, Hiestand, Malnati, Nagy,<br \/>\n            associ\u00e9s<\/font><\/td>\n<td style=\"width:20px\"><font size=\"-1\">\u00a0<\/font><\/td>\n<td lp=\"2\" style=\"width:20px\">\u00a0<\/td>\n<td style=\"width:360px\"><font size=\"-1\">\u00a0<\/font><\/td>\n<\/tr>\n<tr>\n<td style=\"width:39px\"><font size=\"-1\">\u00a0<\/font><\/td>\n<td style=\"width:374px\"><font size=\"-1\">\u00a0<\/font><\/td>\n<td style=\"width:20px\"><font size=\"-1\">\u00a0<\/font><\/td>\n<td lp=\"2\" style=\"width:20px\">\u00a0<\/td>\n<td style=\"width:360px\"><font size=\"-1\">\u00a0<\/font><\/td>\n<\/tr>\n<tr>\n<td style=\"width:39px\"><font size=\"-1\">1992<\/font><\/td>\n<td style=\"width:374px\"><font size=\"-1\">Immeuble de logements rue de Lyon\/rue des D\u00e9lices\u00a0 MM. Henriod, Hiestand, Malnati, Nagy,<br \/>\n            Associ\u00e9s<br \/>\n            <\/font><\/td>\n<td style=\"width:20px\"><font size=\"-1\">\u00a0<\/font><\/td>\n<td lp=\"2\" style=\"width:20px\">\u00a0<\/td>\n<td style=\"width:360px\"><font size=\"-1\">\u00a0<\/font><\/td>\n<\/tr>\n<tr>\n<td style=\"width:39px\"><font size=\"-1\">\u00a0<\/font><\/td>\n<td style=\"width:374px\"><font size=\"-1\">\u00a0<\/font><\/td>\n<td style=\"width:20px\"><font size=\"-1\">\u00a0<\/font><\/td>\n<td lp=\"2\" style=\"width:20px\">\u00a0<\/td>\n<td style=\"width:360px\"><font size=\"-1\">\u00a0<\/font><\/td>\n<\/tr>\n<tr>\n<td style=\"width:39px\"><font size=\"-1\">1989<\/font><\/td>\n<td style=\"width:374px\"><font size=\"-1\">Gare de Brigue, Valais<br \/>\n            MM. Baer et Hiestand, associ\u00e9s<\/font><\/td>\n<td style=\"width:20px\"><font size=\"-1\">\u00a0<\/font><\/td>\n<td lp=\"2\" style=\"width:20px\">\u00a0<\/td>\n<td style=\"width:360px\"><font size=\"-1\">Hors concours<\/font><\/td>\n<\/tr>\n<tr>\n<td style=\"width:39px;height:20px\"><font size=\"-1\">\u00a0<\/font><\/td>\n<td style=\"width:374px;height:20px\"><font size=\"-1\">\u00a0<\/font><\/td>\n<td style=\"width:20px;height:20px\"><font size=\"-1\">\u00a0<\/font><\/td>\n<td lp=\"2\" style=\"width:20px;height:20px\">\n            <\/td>\n<td style=\"width:360px;height:20px\"><font size=\"-1\">\u00a0<\/font><\/td>\n<\/tr>\n<tr>\n<td style=\"width:39px;height:20px\"><font size=\"-1\">1989<\/font><\/td>\n<td style=\"width:374px;height:20px\"><font size=\"-1\">Salle omnisports \u00e0 Vernier, Gen\u00e8ve<br \/>\n            Groupe ABA\u00a0 associ\u00e9s<\/font><\/td>\n<td style=\"width:20px;height:20px\"><font size=\"-1\">\u00a0<\/font><\/td>\n<td lp=\"2\" style=\"width:20px;height:20px\">\u00a0<\/td>\n<td style=\"width:360px;height:20px\"><font size=\"-1\">Prix europ\u00e9en pour la construction m\u00e9tallique<\/font><\/td>\n<\/tr>\n<tr>\n<td style=\"width:39px;height:20px\"><font size=\"-1\">\u00a0<\/font><\/td>\n<td style=\"width:374px;height:20px\"><font size=\"-1\">\u00a0<\/font><\/td>\n<td lp=\"2\" style=\"width:20px;height:20px\">\n            <\/td>\n<td style=\"height:20px;width:20px\">\n            <\/td>\n<td style=\"height:20px;width:360px\"><font size=\"-1\">Prix europ\u00e9en pour les am\u00e9nagements pour handicap\u00e9s<\/font><\/td>\n<\/tr>\n<tr>\n<td style=\"width:39px;height:28px\"><font size=\"-1\">1987<\/font><\/td>\n<td style=\"width:374px;height:28px\"><font size=\"-1\">Am\u00e9nagement de la gare du Ch\u00e2ble, Valais<br \/>\n            MM. Hiestand et Dugerdil, associ\u00e9s<\/font><\/td>\n<td lp=\"2\" style=\"width:20px;height:28px\">\n            <\/td>\n<td style=\"width:20px;height:28px\">\n            <\/td>\n<td style=\"width:360px;height:28px\"><font size=\"-1\">\u00a0<\/font><\/td>\n<\/tr>\n<tr>\n<td style=\"width:39px;height:30px\"><font size=\"-1\">1986<\/font><\/td>\n<td style=\"width:374px;height:30px\"><font size=\"-1\">Am\u00e9nagement du quartier de la gare Nyon, Vaud<br \/>\n            MM. Hiestand et Moriggi, associ\u00e9s<\/font><\/td>\n<td lp=\"2\" style=\"width:20px;height:30px\">\n            <\/td>\n<td width=\"52\" style=\"width:20px;height:30px\">\u00a0<\/td>\n<td style=\"width:360px;height:30px\"><font size=\"-1\">\u00a0<\/font><\/td>\n<\/tr>\n<tr>\n<td style=\"width:39px\"><font size=\"-1\">\u00a0<\/font><\/td>\n<td style=\"width:374px\"><font size=\"-1\">\u00a0<\/font><\/td>\n<td lp=\"2\" width=\"81\" style=\"width:20px\">\u00a0<\/td>\n<td width=\"52\" style=\"width:20px\">\u00a0<\/td>\n<td style=\"width:360px\"><font size=\"-1\">\u00a0<\/font><\/td>\n<\/tr>\n<tr>\n<td style=\"width:39px\"><font size=\"-1\">1986<\/font><\/td>\n<td style=\"width:374px\"><font size=\"-1\">Centre communal et commercial  Lancy, Gen\u00e8ve<br \/>\n            M. Hiestand, associ\u00e9<\/font><\/td>\n<td lp=\"2\" width=\"81\" style=\"width:20px\">\u00a0<\/td>\n<td width=\"52\" style=\"width:20px\">\u00a0<\/td>\n<td style=\"width:360px\"><font size=\"-1\">\u00a0<\/font><\/td>\n<\/tr>\n<tr>\n<td style=\"width:39px\"><font size=\"-1\">\u00a0<\/font><\/td>\n<td style=\"width:374px\"><font size=\"-1\">\u00a0<\/font><\/td>\n<td lp=\"2\" width=\"81\" style=\"width:20px\">\u00a0<\/td>\n<td width=\"52\" style=\"width:20px\">\u00a0<\/td>\n<td style=\"width:360px\"><font size=\"-1\">\u00a0<\/font><\/td>\n<\/tr>\n<tr>\n<td style=\"width:39px\"><font size=\"-1\">1984<\/font><\/td>\n<td style=\"width:374px\"><font size=\"-1\">Centre culturel  Meyrin, Gen\u00e8ve<br \/>\n            MM. Henriod et Hiestand, associ\u00e9s<\/font><\/td>\n<td lp=\"2\" width=\"81\" style=\"width:20px\">\u00a0<\/td>\n<td width=\"52\" style=\"width:20px\">\u00a0<\/td>\n<td style=\"width:360px\"><font size=\"-1\">1er\u00a0\u00a0\u00a0\u00a0\u00a0\u00a0 tour : 6\u00e8me prix<br \/>\n            2\u00e8me\u00a0\u00a0\u00a0 tour : 5\u00e8me prix<\/font><\/td>\n<\/tr>\n<tr>\n<td style=\"width:39px\"><font size=\"-1\">\u00a0<\/font><\/td>\n<td style=\"width:374px\"><font size=\"-1\">\u00a0<\/font><\/td>\n<td lp=\"2\" width=\"81\" style=\"width:20px\">\u00a0<\/td>\n<td width=\"52\" style=\"width:20px\">\u00a0<\/td>\n<td style=\"width:360px\"><font size=\"-1\">\u00a0<\/font><\/td>\n<\/tr>\n<tr>\n<td style=\"width:39px\"><font size=\"-1\">1983<\/font><\/td>\n<td style=\"width:374px\"><font size=\"-1\">Am\u00e9nagement de Ch\u00eane-Bougeries  Gen\u00e8ve<br \/>\n            MM. Henriod et Hiestand, associ\u00e9s<\/font><\/td>\n<td lp=\"2\" width=\"81\" style=\"width:20px\">\u00a0<\/td>\n<td width=\"52\" style=\"width:20px\">\u00a0<\/td>\n<td style=\"width:360px\"><font size=\"-1\">Achat<\/font><\/td>\n<\/tr>\n<tr>\n<td style=\"width:39px\"><font size=\"-1\">\u00a0<\/font><\/td>\n<td style=\"width:374px\"><font size=\"-1\">\u00a0<\/font><\/td>\n<td lp=\"2\" width=\"81\" style=\"width:20px\">\u00a0<\/td>\n<td width=\"52\" style=\"width:20px\">\u00a0<\/td>\n<td style=\"width:360px\"><font size=\"-1\">\u00a0<\/font><\/td>\n<\/tr>\n<tr>\n<td style=\"width:39px\"><font size=\"-1\">1981<\/font><\/td>\n<td style=\"width:374px\"><font size=\"-1\">Universit\u00e9 et logements terrain de l&#8217;ancien Palais des Expositions Gen\u00e8ve<br \/>\n            MM. Henriod et Hiestand, associ\u00e9s<\/font><\/td>\n<td lp=\"2\" width=\"81\" style=\"width:20px\">\u00a0<\/td>\n<td width=\"52\" style=\"width:20px\">\u00a0<\/td>\n<td style=\"width:360px\"><font size=\"-1\">2\u00e8me prix + Mandat<br \/>\n            d\u2019ex\u00e9cution de 400 logements<\/font><\/td>\n<\/tr>\n<\/tbody>\n<\/table>\n","protected":false},"excerpt":{"rendered":"<p>2001 Concours pour un th\u00e9\u00e2tre \u00e0 Fribourg, MM Hiestand et Cova, associ\u00e9s \u00a0 \u00a0 \u00a0 \u00a0 \u00a0 \u00a0 \u00a0 2001 Concours pour l&#8217;amenagement du centre du village de Weisendangen , MM Junod et Savary, associ\u00e9s \u00a0 \u00a0 \u00a0 \u00a0 \u00a0 \u00a0 \u00a0 \u00a0 2000 Sur\u00e9l\u00e9vation d&#8217;une villa\u00a0 \u00e0 Gen\u00e8ve \u00a0 \u00a0 Distinction de LIGNUM pour &hellip; <a href=\"http:\/\/broennimann.com\/wp\/fr\/ref_participation\/\" class=\"more-link\">Lire la suite de <span class=\"screen-reader-text\">Participation a des concours et distinctions<\/span><\/a><\/p>\n","protected":false},"author":1,"featured_media":409,"parent":0,"menu_order":0,"comment_status":"closed","ping_status":"closed","template":"full-width-page.php","meta":{"footnotes":""},"class_list":["post-421","page","type-page","status-publish","has-post-thumbnail","hentry"],"_links":{"self":[{"href":"http:\/\/broennimann.com\/wp\/fr\/wp-json\/wp\/v2\/pages\/421"}],"collection":[{"href":"http:\/\/broennimann.com\/wp\/fr\/wp-json\/wp\/v2\/pages"}],"about":[{"href":"http:\/\/broennimann.com\/wp\/fr\/wp-json\/wp\/v2\/types\/page"}],"author":[{"embeddable":true,"href":"http:\/\/broennimann.com\/wp\/fr\/wp-json\/wp\/v2\/users\/1"}],"replies":[{"embeddable":true,"href":"http:\/\/broennimann.com\/wp\/fr\/wp-json\/wp\/v2\/comments?post=421"}],"version-history":[{"count":2,"href":"http:\/\/broennimann.com\/wp\/fr\/wp-json\/wp\/v2\/pages\/421\/revisions"}],"predecessor-version":[{"id":543,"href":"http:\/\/broennimann.com\/wp\/fr\/wp-json\/wp\/v2\/pages\/421\/revisions\/543"}],"wp:featuredmedia":[{"embeddable":true,"href":"http:\/\/broennimann.com\/wp\/fr\/wp-json\/wp\/v2\/media\/409"}],"wp:attachment":[{"href":"http:\/\/broennimann.com\/wp\/fr\/wp-json\/wp\/v2\/media?parent=421"}],"curies":[{"name":"wp","href":"https:\/\/api.w.org\/{rel}","templated":true}]}}